{"id":387,"date":"2024-10-08T12:59:25","date_gmt":"2024-10-08T12:59:25","guid":{"rendered":"https:\/\/knskoufomata.gr\/?post_type=product&#038;p=387"},"modified":"2024-10-09T10:04:23","modified_gmt":"2024-10-09T10:04:23","slug":"%ce%b1%ce%bd%ce%bf%ce%b9%ce%b3%cf%8c%ce%bc%ce%b5%ce%bd%ce%bf-%ce%b8%ce%b5%cf%81%ce%bc%ce%bf%ce%bc%ce%bf%ce%bd%cf%89%cf%84%ce%b9%ce%ba%cf%8c-%cf%83%cf%8d%cf%83%cf%84%ce%b7%ce%bc%ce%b1-%ce%ba%ce%bf-2","status":"publish","type":"product","link":"https:\/\/knskoufomata.gr\/de\/produkt\/%ce%b1%ce%bd%ce%bf%ce%b9%ce%b3%cf%8c%ce%bc%ce%b5%ce%bd%ce%bf-%ce%b8%ce%b5%cf%81%ce%bc%ce%bf%ce%bc%ce%bf%ce%bd%cf%89%cf%84%ce%b9%ce%ba%cf%8c-%cf%83%cf%8d%cf%83%cf%84%ce%b7%ce%bc%ce%b1-%ce%ba%ce%bf-2\/","title":{"rendered":"\u00d6ffnendes W\u00e4rmed\u00e4mmrahmensystem \u2013 SMARTIA S77"},"content":{"rendered":"<section class=\"description productdetailheader margin-bottom-20\">\n<div class=\"container\">\n<div class=\"row\">\n<div class=\"col-md-7 col-lg-9\">\n<p class=\"\"><span class=\"\">Das Innovative\u00a0<\/span><span class=\"\" lang=\"EN-US\">SMARTIA<\/span><span lang=\"EN-US\">\u00a0<\/span><span lang=\"EN-US\">S<\/span><span class=\"\">77 ist ein W\u00e4rmed\u00e4mmsystem f\u00fcr fortschrittliche \u00d6ffnungs- und Kipprahmen aus Aluminium, das moderne \u00c4sthetik und h\u00f6chste Festigkeit vereint. Es bietet erh\u00f6hte Sicherheit, hervorragende Schalld\u00e4mmung, zertifizierte Leistung und ist f\u00fcr Konstruktionen in Passivh\u00e4usern geeignet.\u00a0<\/span><\/p>\n<\/div>\n<\/div>\n<\/div>\n<\/section>\n<section class=\"benefits container\">\n<div class=\"row\">\n<div class=\"col-md-6\">\n<h2 class=\"subtitle\">Vorteile<\/h2>\n<div class=\"alumil-list\">\n<ul type=\"disc\">\n<li data-list=\"0\" data-level=\"1\">Erhebliche Energieeinsparungen dank der Top-Performance des Rahmens (Passivgeb\u00e4udeebene).<\/li>\n<li data-list=\"0\" data-level=\"1\">Hohes Ma\u00df an Sicherheit.<\/li>\n<li data-list=\"0\" data-level=\"1\">Hervorragende Schalld\u00e4mmung.<\/li>\n<li data-list=\"0\" data-level=\"1\">Benutzerfreundlichkeit und h\u00f6chste Funktionalit\u00e4t.<\/li>\n<li data-list=\"0\" data-level=\"1\">Moderne \u00c4sthetik.<\/li>\n<li data-list=\"0\" data-level=\"1\">Einfacher Zugang mit Vorgaben f\u00fcr Behinderte und Kinder (Typologie mit geringer Belegung).<\/li>\n<li data-list=\"0\" data-level=\"1\">Viele Typologien und Konstruktionsm\u00f6glichkeiten.<\/li>\n<li data-list=\"0\" data-level=\"1\">Hervorragende Qualit\u00e4t mit zertifizierter Leistung.<\/li>\n<li data-list=\"0\" data-level=\"1\">Erh\u00f6hte Stabilit\u00e4t bei extremen Naturph\u00e4nomenen.<\/li>\n<li data-list=\"0\" data-level=\"1\">Geeignet f\u00fcr den Bau von Passivh\u00e4usern in der warm-gem\u00e4\u00dfigten Klimazone.<\/li>\n<\/ul>\n<\/div>\n<\/div>\n<div class=\"col-md-6 certificates\">\n<h2 class=\"subtitle\">Zertifikate<\/h2>\n<ul class=\"thumbs-list\">\n<li><img decoding=\"async\" class=\"lazy\" src=\"https:\/\/static.alumil.com\/userfiles\/images\/default-source\/knowledgebase-images\/certifications\/atg.jpg?sfvrsn=21f5bb68_2\" alt=\"atg\" \/><\/li>\n<li class=\"\"><img decoding=\"async\" class=\"lazy\" src=\"https:\/\/static.alumil.com\/userfiles\/images\/default-source\/knowledgebase-images\/certifications\/pas-24---supreme-s77-smartia-s67.jpg?sfvrsn=8b10373_2\" alt=\"PAS 24 \" \/><\/li>\n<li class=\"\"><img decoding=\"async\" class=\"lazy\" src=\"https:\/\/static.alumil.com\/userfiles\/images\/default-source\/certifications-logos\/cradle-2-cradle-certification.png?sfvrsn=ff6ea74b_9\" alt=\"\u0397 \u03c0\u03b9\u03c3\u03c4\u03bf\u03c0\u03bf\u03af\u03b7\u03c3\u03b7 C2C Certified\u00ae \u03b5\u03af\u03bd\u03b1\u03b9 \u03c4\u03bf \u03c0\u03b1\u03b3\u03ba\u03cc\u03c3\u03bc\u03b9\u03bf \u03c0\u03c1\u03cc\u03c4\u03c5\u03c0\u03bf \u03b3\u03b9\u03b1 \u03b1\u03c3\u03c6\u03b1\u03bb\u03ae \u03ba\u03b1\u03b9 \u03b2\u03b9\u03ce\u03c3\u03b9\u03bc\u03b1 \u03ba\u03c5\u03ba\u03bb\u03b9\u03ba\u03ac \u03c0\u03c1\u03bf\u03ca\u03cc\u03bd\u03c4\u03b1 \u03c0\u03bf\u03c5 \u03b4\u03b7\u03bc\u03b9\u03bf\u03c5\u03c1\u03b3\u03bf\u03cd\u03bd\u03c4\u03b1\u03b9 \u03bc\u03b5 \u03c5\u03c0\u03b5\u03c5\u03b8\u03c5\u03bd\u03cc\u03c4\u03b7\u03c4\u03b1 \u03c0\u03c1\u03bf\u03c2 \u03c4\u03bf \u03c0\u03b5\u03c1\u03b9\u03b2\u03ac\u03bb\u03bb\u03bf\u03bd\" \/><\/li>\n<li><img decoding=\"async\" class=\"lazy\" src=\"https:\/\/static.alumil.com\/userfiles\/images\/default-source\/certifications-logos\/qb.png?sfvrsn=b4d3cc76_34\" alt=\"QB-PROFILES-ALU-RPT-FR\" \/><\/li>\n<li><img decoding=\"async\" class=\"lazy\" src=\"https:\/\/static.alumil.com\/userfiles\/images\/default-source\/knowledgebase-images\/certifications\/ok-aluminium-recycle-60\/tuv-austria-recycle-ok-product-certificate.jpg?sfvrsn=80b5be3b_3\" alt=\"Aluminum TUV Austria OK Recycled\" \/><\/li>\n<li class=\"\"><img decoding=\"async\" class=\"lazy\" src=\"https:\/\/static.alumil.com\/userfiles\/images\/default-source\/certifications-logos\/eco-platform---epd-verified.png?sfvrsn=cfccad48_3\" alt=\"ECO Platform - EPD VERIFIED\" \/><\/li>\n<li class=\"\"><img decoding=\"async\" class=\"lazy\" src=\"https:\/\/static.alumil.com\/userfiles\/images\/default-source\/certifications-logos\/dta.png?sfvrsn=3dd56dc3_3\" alt=\"\" \/><\/li>\n<\/ul>\n<\/div>\n<\/div>\n<\/section>\n<section class=\"technical-table section-colored hover\">\n<div class=\"container hover\">\n<h2 class=\"subtitle margin-bottom-0\">Allgemeine Merkmale<\/h2>\n<div class=\"section-separator\"><\/div>\n<div class=\"characteristics\">\n<div class=\"row\">\n<div class=\"col-md-3\">\n<div class=\"xsmall-subtitle\">ART DES SYSTEMS<\/div>\n<div class=\"value\">\u00d6ffnen \u2013 Kippen<\/div>\n<\/div>\n<div class=\"col-md-3\">\n<div class=\"xsmall-subtitle\">THERMISCHE ISOLIERUNG<\/div>\n<div class=\"value\">Ja<\/div>\n<\/div>\n<div class=\"col-md-3\">\n<div class=\"xsmall-subtitle\">\u00c4USSERES ERSCHEINUNGSBILD<\/div>\n<div class=\"value\">Gerade<\/div>\n<\/div>\n<\/div>\n<\/div>\n<h2 class=\"subtitle margin-bottom-0\">Technische Eigenschaften<\/h2>\n<div class=\"section-separator\"><\/div>\n<div class=\"characteristics\">\n<div class=\"row\">\n<div class=\"col-md-3\">\n<div class=\"xsmall-subtitle\">GEH\u00c4USETIEFE<\/div>\n<div class=\"value\">77 mm<\/div>\n<\/div>\n<div class=\"col-md-3\">\n<div class=\"xsmall-subtitle\">MINDESTSCHEINLICHE BAUH\u00d6HE<\/div>\n<div class=\"value\">93 mm<\/div>\n<\/div>\n<div class=\"col-md-3\">\n<div class=\"xsmall-subtitle\">MINDESTSCHEINLICHE BREITE DER MITTELS\u00c4ULE (BINNY)<\/div>\n<div class=\"value\">122 mm<\/div>\n<\/div>\n<div class=\"col-md-3\">\n<div class=\"xsmall-subtitle\">Art der Verglasung<\/div>\n<div class=\"value\">Doppelt \u2013 Dreifach<\/div>\n<\/div>\n<div class=\"col-md-3\">\n<div class=\"xsmall-subtitle\">MAXIMALE VERGLASUNGSDICKE<\/div>\n<div class=\"value\">von 24 bis 72 mm<\/div>\n<\/div>\n<div class=\"col-md-3\">\n<div class=\"xsmall-subtitle\">MECHANISMUS<\/div>\n<div class=\"value\">Euronut, Euromutter<\/div>\n<\/div>\n<div class=\"col-md-3\">\n<div class=\"xsmall-subtitle\">ART DER DICHTUNG<\/div>\n<div class=\"value\">Dreistufiger Umfang mit Schaumstoff- und EPDM-Reifen<\/div>\n<\/div>\n<div class=\"col-md-3\">\n<div class=\"xsmall-subtitle\">MINDESTBODENH\u00d6HE<\/div>\n<div class=\"value\">13 mm<\/div>\n<\/div>\n<div class=\"col-md-3\">\n<div class=\"xsmall-subtitle\">Art der W\u00e4rmed\u00e4mmung<\/div>\n<div class=\"value\">40 mm breite Polyamide, ALUMIL Energy Bar, Schaumstoff-Isoliermaterial<\/div>\n<\/div>\n<\/div>\n<\/div>\n<h2 class=\"subtitle margin-bottom-0\">Leistung<\/h2>\n<div class=\"section-separator\"><\/div>\n<div class=\"characteristics\">\n<div class=\"row\">\n<div class=\"col-md-3\">\n<div class=\"xsmall-subtitle\">WASSERDICHT<\/div>\n<div class=\"value\">KLASSE E1350<\/div>\n<\/div>\n<div class=\"col-md-3\">\n<div class=\"xsmall-subtitle\">LUFTDURCHL\u00c4SSIGKEIT<\/div>\n<div class=\"value\">KLASSE 4<\/div>\n<\/div>\n<div class=\"col-md-3\">\n<div class=\"xsmall-subtitle\">WIDERSTAND GEGEN WINDDRUCK<\/div>\n<div class=\"value\">C5\/B5<\/div>\n<\/div>\n<div class=\"col-md-3\">\n<div class=\"xsmall-subtitle\">Schallreduzierung<\/div>\n<div class=\"value\">42 dB<\/div>\n<\/div>\n<div class=\"col-md-3\">\n<div class=\"xsmall-subtitle\">Berstfestigkeit<\/div>\n<div class=\"value\">RC2\/RC3<\/div>\n<\/div>\n<\/div>\n<\/div>\n<h2 class=\"subtitle margin-bottom-0\">Merkmale<\/h2>\n<div class=\"section-separator\"><\/div>\n<div class=\"characteristics hover\">\n<div class=\"row hover\">\n<div class=\"col-md-3\">\n<div class=\"xsmall-subtitle\">BLATTGEWICHT<\/div>\n<div class=\"value\">bis zu 180 kg<\/div>\n<\/div>\n<div class=\"col-md-3\">\n<div class=\"xsmall-subtitle\">W\u00c4RMEISOLIERUNG U<sub>F<\/sub><\/div>\n<div class=\"value\">von 0,85 bis 2,42 W\/m\u00b2K<\/div>\n<\/div>\n<div class=\"col-md-3\">\n<div class=\"xsmall-subtitle\">GEB\u00c4UDETYPEN<\/div>\n<div class=\"value\">Alle Typologien von Dreh-Kipp-Gestellen, drehbar<\/div>\n<\/div>\n<\/div>\n<\/div>\n<\/div>\n<\/section>","protected":false},"excerpt":{"rendered":"<p>Innovatives W\u00e4rmed\u00e4mmsystem f\u00fcr fortschrittliche Aluminiumrahmen zum \u00d6ffnen und Neigen, die mehr Sicherheit, hervorragende Schalld\u00e4mmung und zertifizierte Leistung bieten. Geeignet f\u00fcr Passivh\u00e4user.<\/p>","protected":false},"featured_media":388,"comment_status":"open","ping_status":"closed","template":"","meta":[],"product_cat":[18],"product_tag":[],"class_list":{"0":"post-387","1":"product","2":"type-product","3":"status-publish","4":"has-post-thumbnail","6":"product_cat-18","8":"first","9":"instock","10":"shipping-taxable","11":"product-type-simple"},"_links":{"self":[{"href":"https:\/\/knskoufomata.gr\/de\/wp-json\/wp\/v2\/product\/387","targetHints":{"allow":["GET"]}}],"collection":[{"href":"https:\/\/knskoufomata.gr\/de\/wp-json\/wp\/v2\/product"}],"about":[{"href":"https:\/\/knskoufomata.gr\/de\/wp-json\/wp\/v2\/types\/product"}],"replies":[{"embeddable":true,"href":"https:\/\/knskoufomata.gr\/de\/wp-json\/wp\/v2\/comments?post=387"}],"wp:featuredmedia":[{"embeddable":true,"href":"https:\/\/knskoufomata.gr\/de\/wp-json\/wp\/v2\/media\/388"}],"wp:attachment":[{"href":"https:\/\/knskoufomata.gr\/de\/wp-json\/wp\/v2\/media?parent=387"}],"wp:term":[{"taxonomy":"product_cat","embeddable":true,"href":"https:\/\/knskoufomata.gr\/de\/wp-json\/wp\/v2\/product_cat?post=387"},{"taxonomy":"product_tag","embeddable":true,"href":"https:\/\/knskoufomata.gr\/de\/wp-json\/wp\/v2\/product_tag?post=387"}],"curies":[{"name":"wp","href":"https:\/\/api.w.org\/{rel}","templated":true}]}}