{"id":391,"date":"2024-10-08T13:06:21","date_gmt":"2024-10-08T13:06:21","guid":{"rendered":"https:\/\/knskoufomata.gr\/?post_type=product&#038;p=391"},"modified":"2024-10-09T10:02:13","modified_gmt":"2024-10-09T10:02:13","slug":"minimal-%ce%b1%ce%bd%ce%bf%ce%b9%ce%b3%cf%8c%ce%bc%ce%b5%ce%bd%ce%bf-%ce%b8%ce%b5%cf%81%ce%bc%ce%bf%ce%bc%ce%bf%ce%bd%cf%89%cf%84%ce%b9%ce%ba%cf%8c-%cf%83%cf%8d%cf%83%cf%84%ce%b7%ce%bc%ce%b1-%ce%ba","status":"publish","type":"product","link":"https:\/\/knskoufomata.gr\/de\/produkt\/minimal-%ce%b1%ce%bd%ce%bf%ce%b9%ce%b3%cf%8c%ce%bc%ce%b5%ce%bd%ce%bf-%ce%b8%ce%b5%cf%81%ce%bc%ce%bf%ce%bc%ce%bf%ce%bd%cf%89%cf%84%ce%b9%ce%ba%cf%8c-%cf%83%cf%8d%cf%83%cf%84%ce%b7%ce%bc%ce%b1-%ce%ba\/","title":{"rendered":"W\u00e4rmed\u00e4mmrahmensystem mit minimaler \u00d6ffnung \u2013 SMARTIA M9660 PHOS"},"content":{"rendered":"<section class=\"description productdetailheader margin-bottom-20\">\n<div class=\"container\">\n<div class=\"row\">\n<div class=\"col-md-7 col-lg-9\">\n<p class=\"\"><span class=\"\">SMARTIA M9660 PHOS ist ein W\u00e4rmed\u00e4mmsystem zum \u00d6ffnen und Kippen von Aluminiumrahmen mit verdecktem Fl\u00fcgel. Dank\u00a0<\/span><span class=\"\" lang=\"EN-US\">minimal<\/span><span class=\"\"> Durch das Design wird das sichtbare Aluminium auf ein Minimum reduziert, sodass nat\u00fcrliches Licht in den Raum eindringen kann. Gleichzeitig bietet das System eine hohe W\u00e4rmed\u00e4mm- und Abdichtungsleistung und ist eine ideale L\u00f6sung f\u00fcr neue Projekte und Renovierungen.<\/span><\/p>\n<\/div>\n<\/div>\n<\/div>\n<\/section>\n<section class=\"benefits container\">\n<div class=\"row\">\n<div class=\"col-md-6\">\n<h2 class=\"subtitle\">Vorteile<\/h2>\n<div class=\"alumil-list\">\n<ul type=\"disc\">\n<li>Ausgezeichnetes Preis-Leistungs-Verh\u00e4ltnis.<\/li>\n<li>Verst\u00e4rkung der nat\u00fcrlichen Beleuchtung durch\u00a0<span lang=\"EN-US\">minimal<\/span><span lang=\"EN-US\">\u00a0<\/span><span lang=\"EN-US\">Design<\/span>\u00a0von.<\/li>\n<li>Benutzerfreundlichkeit und h\u00f6chste Funktionalit\u00e4t.<\/li>\n<li>Elegantes und modernes Erscheinungsbild durch die geraden Linien der Profile.<\/li>\n<li>Durch die hohe W\u00e4rmed\u00e4mmung f\u00fcr alle Klimazonen geeignet.<\/li>\n<li>Ideal f\u00fcr neue Projekte und Renovierungen von Wohn- und Gewerbefl\u00e4chen.<\/li>\n<li>Hohe zertifizierte Leistung.<\/li>\n<\/ul>\n<\/div>\n<\/div>\n<div class=\"col-md-6 certificates\">\n<h2 class=\"subtitle\">Zertifikate<\/h2>\n<ul class=\"thumbs-list\">\n<li class=\"\"><img decoding=\"async\" class=\"lazy\" src=\"https:\/\/static.alumil.com\/userfiles\/images\/default-source\/knowledgebase-images\/certifications\/ok-aluminium-recycle-60\/tuv-austria-recycle-ok-product-certificate.jpg?sfvrsn=80b5be3b_3\" alt=\"Aluminum TUV Austria OK Recycled\" \/><\/li>\n<\/ul>\n<\/div>\n<\/div>\n<\/section>\n<section class=\"technical-table section-colored hover\">\n<div class=\"container hover\">\n<h2 class=\"subtitle margin-bottom-0\">Allgemeine Merkmale<\/h2>\n<div class=\"section-separator\"><\/div>\n<div class=\"characteristics\">\n<div class=\"row\">\n<div class=\"col-md-3\">\n<div class=\"xsmall-subtitle\">ART DES SYSTEMS<\/div>\n<div class=\"value\">\u00d6ffnen \u2013 Kippen<\/div>\n<\/div>\n<div class=\"col-md-3\">\n<div class=\"xsmall-subtitle\">THERMISCHE ISOLIERUNG<\/div>\n<div class=\"value\">Ja<\/div>\n<\/div>\n<div class=\"col-md-3\">\n<div class=\"xsmall-subtitle\">\u00c4USSERES ERSCHEINUNGSBILD<\/div>\n<div class=\"value\">Gerade<\/div>\n<\/div>\n<\/div>\n<\/div>\n<h2 class=\"subtitle margin-bottom-0\">Technische Eigenschaften<\/h2>\n<div class=\"section-separator\"><\/div>\n<div class=\"characteristics\">\n<div class=\"row\">\n<div class=\"col-md-3\">\n<div class=\"xsmall-subtitle\">GEH\u00c4USETIEFE<\/div>\n<div class=\"value\">56 mm<\/div>\n<\/div>\n<div class=\"col-md-3\">\n<div class=\"xsmall-subtitle\">MINDESTSCHEINLICHE BAUH\u00d6HE<\/div>\n<div class=\"value\">70,5 mm<\/div>\n<\/div>\n<div class=\"col-md-3\">\n<div class=\"xsmall-subtitle\">MINDESTSCHEINLICHE BREITE DER MITTELS\u00c4ULE (BINNY)<\/div>\n<div class=\"value\">101 mm<\/div>\n<\/div>\n<div class=\"col-md-3\">\n<div class=\"xsmall-subtitle\">Art der Verglasung<\/div>\n<div class=\"value\">Doppelt<\/div>\n<\/div>\n<div class=\"col-md-3\">\n<div class=\"xsmall-subtitle\">MAXIMALE VERGLASUNGSDICKE<\/div>\n<div class=\"value\">26mm<\/div>\n<\/div>\n<div class=\"col-md-3\">\n<div class=\"xsmall-subtitle\">MECHANISMUS<\/div>\n<div class=\"value\">Euro-Mutter<\/div>\n<\/div>\n<div class=\"col-md-3\">\n<div class=\"xsmall-subtitle\">ART DER DICHTUNG<\/div>\n<div class=\"value\">Dreilagiger EPDM-Gummi am Umfang<\/div>\n<\/div>\n<div class=\"col-md-3\">\n<div class=\"xsmall-subtitle\">Art der W\u00e4rmed\u00e4mmung<\/div>\n<div class=\"value\">Dreilagiger EPDM-Gummi am Umfang<\/div>\n<\/div>\n<\/div>\n<\/div>\n<h2 class=\"subtitle margin-bottom-0\">Leistung<\/h2>\n<div class=\"section-separator\"><\/div>\n<div class=\"characteristics\">\n<div class=\"row\">\n<div class=\"col-md-3\">\n<div class=\"xsmall-subtitle\">WASSERDICHT<\/div>\n<div class=\"value\">7A (300Pa)<\/div>\n<\/div>\n<div class=\"col-md-3\">\n<div class=\"xsmall-subtitle\">LUFTDURCHL\u00c4SSIGKEIT<\/div>\n<div class=\"value\">KLASSE 4<\/div>\n<\/div>\n<div class=\"col-md-3\">\n<div class=\"xsmall-subtitle\">WIDERSTAND GEGEN WINDDRUCK<\/div>\n<div class=\"value\">C3\/B3<\/div>\n<\/div>\n<\/div>\n<\/div>\n<h2 class=\"subtitle margin-bottom-0\">Merkmale<\/h2>\n<div class=\"section-separator\"><\/div>\n<div class=\"characteristics hover\">\n<div class=\"row hover\">\n<div class=\"col-md-3\">\n<div class=\"xsmall-subtitle\">W\u00c4RMEISOLIERUNG U<sub>F<\/sub><\/div>\n<div class=\"value\">Von 2,5 bis 3,6 W\/m\u00b2K<\/div>\n<\/div>\n<div class=\"col-md-3\">\n<div class=\"xsmall-subtitle\">BLATTGEWICHT<\/div>\n<div class=\"value\">bis zu 130 kg<\/div>\n<\/div>\n<div class=\"col-md-3 hover\">\n<div class=\"xsmall-subtitle\">GEB\u00c4UDETYPEN<\/div>\n<div class=\"value hover\">Alle Typologien von Dreh-Kipp-Gestellen<\/div>\n<\/div>\n<\/div>\n<\/div>\n<\/div>\n<\/section>","protected":false},"excerpt":{"rendered":"<p><span class=\"\">W\u00e4rmed\u00e4mmsystem zum \u00d6ffnen und Kippen von Aluminiumrahmen\u00a0<\/span><span lang=\"EN-US\">minimal<\/span><span class=\"\">\u00a0\u00c4sthetik, die das nat\u00fcrliche Licht verst\u00e4rkt und eine hohe zertifizierte Leistung bietet.<\/span><\/p>","protected":false},"featured_media":392,"comment_status":"open","ping_status":"closed","template":"","meta":[],"product_cat":[18],"product_tag":[],"class_list":{"0":"post-391","1":"product","2":"type-product","3":"status-publish","4":"has-post-thumbnail","6":"product_cat-18","8":"first","9":"instock","10":"shipping-taxable","11":"product-type-simple"},"_links":{"self":[{"href":"https:\/\/knskoufomata.gr\/de\/wp-json\/wp\/v2\/product\/391","targetHints":{"allow":["GET"]}}],"collection":[{"href":"https:\/\/knskoufomata.gr\/de\/wp-json\/wp\/v2\/product"}],"about":[{"href":"https:\/\/knskoufomata.gr\/de\/wp-json\/wp\/v2\/types\/product"}],"replies":[{"embeddable":true,"href":"https:\/\/knskoufomata.gr\/de\/wp-json\/wp\/v2\/comments?post=391"}],"wp:featuredmedia":[{"embeddable":true,"href":"https:\/\/knskoufomata.gr\/de\/wp-json\/wp\/v2\/media\/392"}],"wp:attachment":[{"href":"https:\/\/knskoufomata.gr\/de\/wp-json\/wp\/v2\/media?parent=391"}],"wp:term":[{"taxonomy":"product_cat","embeddable":true,"href":"https:\/\/knskoufomata.gr\/de\/wp-json\/wp\/v2\/product_cat?post=391"},{"taxonomy":"product_tag","embeddable":true,"href":"https:\/\/knskoufomata.gr\/de\/wp-json\/wp\/v2\/product_tag?post=391"}],"curies":[{"name":"wp","href":"https:\/\/api.w.org\/{rel}","templated":true}]}}