{"id":400,"date":"2024-10-08T13:15:13","date_gmt":"2024-10-08T13:15:13","guid":{"rendered":"https:\/\/knskoufomata.gr\/?post_type=product&#038;p=400"},"modified":"2024-10-09T09:57:06","modified_gmt":"2024-10-09T09:57:06","slug":"%ce%b1%ce%bd%ce%bf%ce%b9%ce%b3%cf%8c%ce%bc%ce%b5%ce%bd%ce%bf-%ce%bc%ce%b7-%ce%b8%ce%b5%cf%81%ce%bc%ce%bf%ce%bc%ce%bf%ce%bd%cf%89%cf%84%ce%b9%ce%ba%cf%8c-%cf%83%cf%8d%cf%83%cf%84%ce%b7%ce%bc%ce%b1","status":"publish","type":"product","link":"https:\/\/knskoufomata.gr\/de\/produkt\/%ce%b1%ce%bd%ce%bf%ce%b9%ce%b3%cf%8c%ce%bc%ce%b5%ce%bd%ce%bf-%ce%bc%ce%b7-%ce%b8%ce%b5%cf%81%ce%bc%ce%bf%ce%bc%ce%bf%ce%bd%cf%89%cf%84%ce%b9%ce%ba%cf%8c-%cf%83%cf%8d%cf%83%cf%84%ce%b7%ce%bc%ce%b1\/","title":{"rendered":"Nicht isolierendes Rahmensystem zum \u00d6ffnen \u2013 COMFORT M9400"},"content":{"rendered":"<section class=\"description productdetailheader margin-bottom-20\">\n<div class=\"container\">\n<div class=\"row\">\n<div class=\"col-md-7 col-lg-9\">\n<p class=\"\"><span class=\"\">COMFORT M9400 ist ein komplettes, nichtisolierendes System zum \u00d6ffnen und Neigen von Aluminiumrahmen, eine Kombination aus attraktivem Preis, Sicherheit, Schalld\u00e4mmung und Fertigungsflexibilit\u00e4t.<\/span><\/p>\n<\/div>\n<\/div>\n<\/div>\n<\/section>\n<section class=\"benefits container\">\n<div class=\"row\">\n<div class=\"col-md-6\">\n<h2 class=\"subtitle\">Vorteile<\/h2>\n<div class=\"alumil-list\">\n<ul type=\"disc\">\n<li data-list=\"0\" data-level=\"1\">Sehr gutes Preis-Leistungs-Verh\u00e4ltnis.<\/li>\n<li data-list=\"0\" data-level=\"1\">Zufriedenstellendes Sicherheitsniveau.<\/li>\n<li data-list=\"0\" data-level=\"1\">Zufriedenstellender Schallschutz.<\/li>\n<li data-list=\"0\" data-level=\"1\">Eine Vielzahl an Typologien und Konstruktionsm\u00f6glichkeiten f\u00fcr ein- und zweifl\u00fcgelige Aluminiumfenster, Balkont\u00fcren und Eingangst\u00fcren.<\/li>\n<li data-list=\"0\" data-level=\"1\">Benutzerfreundlichkeit und langfristige Funktionalit\u00e4t und Haltbarkeit.<\/li>\n<\/ul>\n<\/div>\n<\/div>\n<div class=\"col-md-6 certificates\">\n<h2 class=\"subtitle\">Zertifikate<\/h2>\n<ul class=\"thumbs-list\">\n<li><img decoding=\"async\" class=\"lazy\" src=\"https:\/\/static.alumil.com\/userfiles\/images\/default-source\/certifications-logos\/cradle-2-cradle-certification.png?sfvrsn=ff6ea74b_9\" alt=\"\u0397 \u03c0\u03b9\u03c3\u03c4\u03bf\u03c0\u03bf\u03af\u03b7\u03c3\u03b7 C2C Certified\u00ae \u03b5\u03af\u03bd\u03b1\u03b9 \u03c4\u03bf \u03c0\u03b1\u03b3\u03ba\u03cc\u03c3\u03bc\u03b9\u03bf \u03c0\u03c1\u03cc\u03c4\u03c5\u03c0\u03bf \u03b3\u03b9\u03b1 \u03b1\u03c3\u03c6\u03b1\u03bb\u03ae \u03ba\u03b1\u03b9 \u03b2\u03b9\u03ce\u03c3\u03b9\u03bc\u03b1 \u03ba\u03c5\u03ba\u03bb\u03b9\u03ba\u03ac \u03c0\u03c1\u03bf\u03ca\u03cc\u03bd\u03c4\u03b1 \u03c0\u03bf\u03c5 \u03b4\u03b7\u03bc\u03b9\u03bf\u03c5\u03c1\u03b3\u03bf\u03cd\u03bd\u03c4\u03b1\u03b9 \u03bc\u03b5 \u03c5\u03c0\u03b5\u03c5\u03b8\u03c5\u03bd\u03cc\u03c4\u03b7\u03c4\u03b1 \u03c0\u03c1\u03bf\u03c2 \u03c4\u03bf \u03c0\u03b5\u03c1\u03b9\u03b2\u03ac\u03bb\u03bb\u03bf\u03bd\" \/><\/li>\n<li class=\"\"><img decoding=\"async\" class=\"lazy\" src=\"https:\/\/static.alumil.com\/userfiles\/images\/default-source\/knowledgebase-images\/certifications\/ok-aluminium-recycle-60\/tuv-austria-recycle-ok-product-certificate.jpg?sfvrsn=80b5be3b_3\" alt=\"Aluminum TUV Austria OK Recycled\" \/><\/li>\n<\/ul>\n<\/div>\n<\/div>\n<\/section>\n<section class=\"technical-table section-colored hover\">\n<div class=\"container hover\">\n<h2 class=\"subtitle margin-bottom-0\">Allgemeine Merkmale<\/h2>\n<div class=\"section-separator\"><\/div>\n<div class=\"characteristics\">\n<div class=\"row\">\n<div class=\"col-md-3\">\n<div class=\"xsmall-subtitle\">ART DES SYSTEMS<\/div>\n<div class=\"value\">\u00d6ffnen \u2013 Kippen<\/div>\n<\/div>\n<div class=\"col-md-3\">\n<div class=\"xsmall-subtitle\">THERMISCHE ISOLIERUNG<\/div>\n<div class=\"value\">NEIN<\/div>\n<\/div>\n<div class=\"col-md-3\">\n<div class=\"xsmall-subtitle\">\u00c4USSERES ERSCHEINUNGSBILD<\/div>\n<div class=\"value\">Gebogen, gerade<\/div>\n<\/div>\n<\/div>\n<\/div>\n<h2 class=\"subtitle margin-bottom-0\">Technische Eigenschaften<\/h2>\n<div class=\"section-separator\"><\/div>\n<div class=\"characteristics\">\n<div class=\"row\">\n<div class=\"col-md-3\">\n<div class=\"xsmall-subtitle\">GEH\u00c4USETIEFE<\/div>\n<div class=\"value\">45 mm<\/div>\n<\/div>\n<div class=\"col-md-3\">\n<div class=\"xsmall-subtitle\">MINDESTSCHEINLICHE BAUH\u00d6HE<\/div>\n<div class=\"value\">104 mm<\/div>\n<\/div>\n<div class=\"col-md-3\">\n<div class=\"xsmall-subtitle\">MINDESTSCHEINLICHE BREITE DER MITTELS\u00c4ULE (BINNY)<\/div>\n<div class=\"value\">153 mm<\/div>\n<\/div>\n<div class=\"col-md-3\">\n<div class=\"xsmall-subtitle\">Art der Verglasung<\/div>\n<div class=\"value\">Einzel \u2013 Doppel \u2013 Dreifach<\/div>\n<\/div>\n<div class=\"col-md-3\">\n<div class=\"xsmall-subtitle\">MAXIMALE VERGLASUNGSDICKE<\/div>\n<div class=\"value\">von 4 mm bis 39 mm<\/div>\n<\/div>\n<div class=\"col-md-3\">\n<div class=\"xsmall-subtitle\">MECHANISMUS<\/div>\n<div class=\"value\">Euronut, Euromutter<\/div>\n<\/div>\n<div class=\"col-md-3\">\n<div class=\"xsmall-subtitle\">ART DER DICHTUNG<\/div>\n<div class=\"value\">Dreistufiger Umfang mit EPDM-Reifen<\/div>\n<\/div>\n<\/div>\n<\/div>\n<h2 class=\"subtitle margin-bottom-0\">Leistung<\/h2>\n<div class=\"section-separator\"><\/div>\n<div class=\"characteristics\">\n<div class=\"row\">\n<div class=\"col-md-3\">\n<div class=\"xsmall-subtitle\">WASSERDICHT<\/div>\n<div class=\"value\">KLASSE E750<\/div>\n<\/div>\n<div class=\"col-md-3\">\n<div class=\"xsmall-subtitle\">LUFTDURCHL\u00c4SSIGKEIT<\/div>\n<div class=\"value\">KLASSE 4<\/div>\n<\/div>\n<div class=\"col-md-3\">\n<div class=\"xsmall-subtitle\">WIDERSTAND GEGEN WINDDRUCK<\/div>\n<div class=\"value\">C5<\/div>\n<\/div>\n<div class=\"col-md-3\">\n<div class=\"xsmall-subtitle\">Schallreduzierung<\/div>\n<div class=\"value\">36 dB<\/div>\n<\/div>\n<\/div>\n<\/div>\n<h2 class=\"subtitle margin-bottom-0\">Merkmale<\/h2>\n<div class=\"section-separator\"><\/div>\n<div class=\"characteristics hover\">\n<div class=\"row hover\">\n<div class=\"col-md-3\">\n<div class=\"xsmall-subtitle\">BLATTGEWICHT<\/div>\n<div class=\"value\">bis zu 180 kg<\/div>\n<\/div>\n<div class=\"col-md-3\">\n<div class=\"xsmall-subtitle\">GEB\u00c4UDETYPEN<\/div>\n<div class=\"value\">Alle Typologien von Dreh-Kipp-Gestellen<\/div>\n<\/div>\n<\/div>\n<\/div>\n<\/div>\n<\/section>","protected":false},"excerpt":{"rendered":"<p>Ein wirtschaftliches, nicht w\u00e4rmed\u00e4mmendes System zum \u00d6ffnen und Kippen von Aluminiumrahmen, das Sicherheit, Schalld\u00e4mmung und Konstruktionsflexibilit\u00e4t bietet.<\/p>","protected":false},"featured_media":401,"comment_status":"open","ping_status":"closed","template":"","meta":[],"product_cat":[18],"product_tag":[],"class_list":{"0":"post-400","1":"product","2":"type-product","3":"status-publish","4":"has-post-thumbnail","6":"product_cat-18","8":"first","9":"instock","10":"shipping-taxable","11":"product-type-simple"},"_links":{"self":[{"href":"https:\/\/knskoufomata.gr\/de\/wp-json\/wp\/v2\/product\/400","targetHints":{"allow":["GET"]}}],"collection":[{"href":"https:\/\/knskoufomata.gr\/de\/wp-json\/wp\/v2\/product"}],"about":[{"href":"https:\/\/knskoufomata.gr\/de\/wp-json\/wp\/v2\/types\/product"}],"replies":[{"embeddable":true,"href":"https:\/\/knskoufomata.gr\/de\/wp-json\/wp\/v2\/comments?post=400"}],"wp:featuredmedia":[{"embeddable":true,"href":"https:\/\/knskoufomata.gr\/de\/wp-json\/wp\/v2\/media\/401"}],"wp:attachment":[{"href":"https:\/\/knskoufomata.gr\/de\/wp-json\/wp\/v2\/media?parent=400"}],"wp:term":[{"taxonomy":"product_cat","embeddable":true,"href":"https:\/\/knskoufomata.gr\/de\/wp-json\/wp\/v2\/product_cat?post=400"},{"taxonomy":"product_tag","embeddable":true,"href":"https:\/\/knskoufomata.gr\/de\/wp-json\/wp\/v2\/product_tag?post=400"}],"curies":[{"name":"wp","href":"https:\/\/api.w.org\/{rel}","templated":true}]}}