{"id":406,"date":"2024-10-08T13:24:22","date_gmt":"2024-10-08T13:24:22","guid":{"rendered":"https:\/\/knskoufomata.gr\/?post_type=product&#038;p=406"},"modified":"2024-10-09T09:51:24","modified_gmt":"2024-10-09T09:51:24","slug":"%cf%83%cf%85%cf%81%cf%8c%ce%bc%ce%b5%ce%bd%ce%bf-%ce%b1%ce%bd%ce%b1%cf%83%cf%85%cf%81%cf%8c%ce%bc%ce%b5%ce%bd%ce%bf-%ce%b8%ce%b5%cf%81%ce%bc%ce%bf%ce%bc%ce%bf%ce%bd%cf%89%cf%84%ce%b9%ce%ba%cf%8c-2","status":"publish","type":"product","link":"https:\/\/knskoufomata.gr\/de\/produkt\/%cf%83%cf%85%cf%81%cf%8c%ce%bc%ce%b5%ce%bd%ce%bf-%ce%b1%ce%bd%ce%b1%cf%83%cf%85%cf%81%cf%8c%ce%bc%ce%b5%ce%bd%ce%bf-%ce%b8%ce%b5%cf%81%ce%bc%ce%bf%ce%bc%ce%bf%ce%bd%cf%89%cf%84%ce%b9%ce%ba%cf%8c-2\/","title":{"rendered":"Verschiebbares und einziehbares W\u00e4rmed\u00e4mmrahmensystem \u2013 SMARTIA M450"},"content":{"rendered":"<section class=\"description productdetailheader margin-bottom-20\">\n<div class=\"container\">\n<div class=\"row\">\n<div class=\"col-md-7 col-lg-9\">\n<p class=\"\">SMARTIA M450 ist ein fortschrittliches System der neuen Generation f\u00fcr minimal verschiebbare und einziehbare Aluminiumrahmen. Es erf\u00fcllt die anspruchsvollen Anforderungen moderner Geb\u00e4ude, bietet eine hohe W\u00e4rmed\u00e4mmleistung und wertet mit seinem modernen Design jeden Raum \u00e4sthetisch auf.<\/p>\n<\/div>\n<\/div>\n<\/div>\n<\/section>\n<section class=\"benefits container\">\n<div class=\"row\">\n<div class=\"col-md-6\">\n<h2 class=\"subtitle\">Vorteile<\/h2>\n<div class=\"alumil-list\">\n<ul>\n<li>Innovatives, minimalistisches Design mit nur 2,5 cm sichtbarem Aluminium an der \u00dcberlappungsstelle, sowohl f\u00fcr Schiebe- als auch f\u00fcr Schieberahmen.<\/li>\n<li>Erhebliche Energieeinsparungen dank hervorragender Energieleistung.<\/li>\n<li>Benutzerfreundlichkeit und h\u00f6chste Funktionalit\u00e4t.<\/li>\n<li>F\u00fchrung mit versteckter Entw\u00e4sserung, reduzierter Tiefe und einfacher Reinigung.<\/li>\n<li>Viele Typologien und Konstruktionsm\u00f6glichkeiten.<\/li>\n<li>Hervorragende Qualit\u00e4t mit zertifizierter Leistung.<\/li>\n<\/ul>\n<\/div>\n<\/div>\n<div class=\"col-md-6 certificates\">\n<h2 class=\"subtitle\">Zertifikate<\/h2>\n<ul class=\"thumbs-list\">\n<li><img decoding=\"async\" class=\"lazy\" src=\"https:\/\/static.alumil.com\/userfiles\/images\/default-source\/knowledgebase-images\/certifications\/ok-aluminium-recycle-60\/tuv-austria-recycle-ok-product-certificate.jpg?sfvrsn=80b5be3b_3\" alt=\"Aluminum TUV Austria OK Recycled\" \/><\/li>\n<li class=\"\"><img decoding=\"async\" class=\"lazy\" src=\"https:\/\/static.alumil.com\/userfiles\/images\/default-source\/certifications-logos\/eco-platform---epd-verified.png?sfvrsn=cfccad48_3\" alt=\"ECO Platform - EPD VERIFIED\" \/><\/li>\n<li class=\"\"><img decoding=\"async\" class=\"lazy\" src=\"https:\/\/static.alumil.com\/userfiles\/images\/default-source\/certifications-logos\/cradle-2-cradle-certification.png?sfvrsn=ff6ea74b_9\" alt=\"\u0397 \u03c0\u03b9\u03c3\u03c4\u03bf\u03c0\u03bf\u03af\u03b7\u03c3\u03b7 C2C Certified\u00ae \u03b5\u03af\u03bd\u03b1\u03b9 \u03c4\u03bf \u03c0\u03b1\u03b3\u03ba\u03cc\u03c3\u03bc\u03b9\u03bf \u03c0\u03c1\u03cc\u03c4\u03c5\u03c0\u03bf \u03b3\u03b9\u03b1 \u03b1\u03c3\u03c6\u03b1\u03bb\u03ae \u03ba\u03b1\u03b9 \u03b2\u03b9\u03ce\u03c3\u03b9\u03bc\u03b1 \u03ba\u03c5\u03ba\u03bb\u03b9\u03ba\u03ac \u03c0\u03c1\u03bf\u03ca\u03cc\u03bd\u03c4\u03b1 \u03c0\u03bf\u03c5 \u03b4\u03b7\u03bc\u03b9\u03bf\u03c5\u03c1\u03b3\u03bf\u03cd\u03bd\u03c4\u03b1\u03b9 \u03bc\u03b5 \u03c5\u03c0\u03b5\u03c5\u03b8\u03c5\u03bd\u03cc\u03c4\u03b7\u03c4\u03b1 \u03c0\u03c1\u03bf\u03c2 \u03c4\u03bf \u03c0\u03b5\u03c1\u03b9\u03b2\u03ac\u03bb\u03bb\u03bf\u03bd\" \/><\/li>\n<\/ul>\n<\/div>\n<\/div>\n<\/section>\n<section class=\"technical-table section-colored hover\">\n<div class=\"container hover\">\n<h2 class=\"subtitle margin-bottom-0\">Allgemeine Merkmale<\/h2>\n<div class=\"section-separator\"><\/div>\n<div class=\"characteristics\">\n<div class=\"row\">\n<div class=\"col-md-3\">\n<div class=\"xsmall-subtitle\">ART DES SYSTEMS<\/div>\n<div class=\"value\">Einziehbar, verschiebbar<\/div>\n<\/div>\n<div class=\"col-md-3\">\n<div class=\"xsmall-subtitle\">THERMISCHE ISOLIERUNG<\/div>\n<div class=\"value\">Ja<\/div>\n<\/div>\n<div class=\"col-md-3\">\n<div class=\"xsmall-subtitle\">\u00c4USSERES ERSCHEINUNGSBILD<\/div>\n<div class=\"value\">Gerade<\/div>\n<\/div>\n<\/div>\n<\/div>\n<h2 class=\"subtitle margin-bottom-0\">Technische Eigenschaften<\/h2>\n<div class=\"section-separator\"><\/div>\n<div class=\"characteristics\">\n<div class=\"row\">\n<div class=\"col-md-3\">\n<div class=\"xsmall-subtitle\">GEH\u00c4USETIEFE<\/div>\n<div class=\"value\">113 mm<\/div>\n<\/div>\n<div class=\"col-md-3\">\n<div class=\"xsmall-subtitle\">BLATTTIEFE<\/div>\n<div class=\"value\">45 mm<\/div>\n<\/div>\n<div class=\"col-md-3\">\n<div class=\"xsmall-subtitle\">MINDESTSCHEINLICHE BAUH\u00d6HE<\/div>\n<div class=\"value\">124,5 mm einziehbar, 114 mm verschiebbar<\/div>\n<\/div>\n<div class=\"col-md-3\">\n<div class=\"xsmall-subtitle\">MINDESTSCHEINLICHE BREITE DER MITTELS\u00c4ULE (KOLLEKTION)<\/div>\n<div class=\"value\">25 mm<\/div>\n<\/div>\n<div class=\"col-md-3\">\n<div class=\"xsmall-subtitle\">Art der Verglasung<\/div>\n<div class=\"value\">Doppelt \u2013 Dreifach<\/div>\n<\/div>\n<div class=\"col-md-3\">\n<div class=\"xsmall-subtitle\">MAXIMALE VERGLASUNGSDICKE<\/div>\n<div class=\"value\">36 mm<\/div>\n<\/div>\n<div class=\"col-md-3\">\n<div class=\"xsmall-subtitle\">MECHANISMUS<\/div>\n<div class=\"value\">Einziehbarer Mechanismus. Schiebemechanismus<\/div>\n<\/div>\n<div class=\"col-md-3\">\n<div class=\"xsmall-subtitle\">ART DER DICHTUNG<\/div>\n<div class=\"value\">Umfang mit Dreifachmembranb\u00fcrsten und\/oder EPDM-Gummi<\/div>\n<\/div>\n<div class=\"col-md-3\">\n<div class=\"xsmall-subtitle\">MINDESTBODENH\u00d6HE<\/div>\n<div class=\"value\">45 mm<\/div>\n<\/div>\n<\/div>\n<\/div>\n<h2 class=\"subtitle margin-bottom-0\">Leistung<\/h2>\n<div class=\"section-separator\"><\/div>\n<div class=\"characteristics\">\n<div class=\"row\">\n<div class=\"col-md-3\">\n<div class=\"xsmall-subtitle\">WASSERDICHT<\/div>\n<div class=\"value\">9A<\/div>\n<\/div>\n<div class=\"col-md-3\">\n<div class=\"xsmall-subtitle\">LUFTDURCHL\u00c4SSIGKEIT<\/div>\n<div class=\"value\">4<\/div>\n<\/div>\n<div class=\"col-md-3\">\n<div class=\"xsmall-subtitle\">WIDERSTAND GEGEN WINDDRUCK<\/div>\n<div class=\"value\">C3<\/div>\n<\/div>\n<div class=\"col-md-3\">\n<div class=\"xsmall-subtitle\">Schallreduzierung<\/div>\n<div class=\"value\">40 dB<\/div>\n<\/div>\n<\/div>\n<\/div>\n<h2 class=\"subtitle margin-bottom-0\">Merkmale<\/h2>\n<div class=\"section-separator\"><\/div>\n<div class=\"characteristics hover\">\n<div class=\"row hover\">\n<div class=\"col-md-3\">\n<div class=\"xsmall-subtitle\">W\u00c4RMEISOLIERUNG U<sub>F<\/sub><\/div>\n<div class=\"value\">ab 1,3 W\/m\u00b2K<\/div>\n<\/div>\n<div class=\"col-md-3\">\n<div class=\"xsmall-subtitle\">BLATTGEWICHT<\/div>\n<div class=\"value\">bis 200 kg einfahrbar, bis 180 kg verschiebbar<\/div>\n<\/div>\n<div class=\"col-md-3\">\n<div class=\"xsmall-subtitle\">GEB\u00c4UDETYPEN<\/div>\n<div class=\"value\">\u00dcberlappend, filetiert, Kombinationen mit Sieb, versenkt<\/div>\n<\/div>\n<\/div>\n<\/div>\n<\/div>\n<\/section>","protected":false},"excerpt":{"rendered":"<p><span class=\"\">Fortschrittliches System f\u00fcr\u00a0<\/span><span class=\"\" lang=\"EN-US\">minimal<\/span><span class=\"\">\u00a0verschiebbare und versenkbare Aluminium-Energierahmen, die eine hohe W\u00e4rmed\u00e4mmung bieten und jeden Raum \u00e4sthetisch aufwerten.<\/span><\/p>","protected":false},"featured_media":407,"comment_status":"open","ping_status":"closed","template":"","meta":[],"product_cat":[19],"product_tag":[],"class_list":{"0":"post-406","1":"product","2":"type-product","3":"status-publish","4":"has-post-thumbnail","6":"product_cat-19","8":"first","9":"instock","10":"shipping-taxable","11":"product-type-simple"},"_links":{"self":[{"href":"https:\/\/knskoufomata.gr\/de\/wp-json\/wp\/v2\/product\/406","targetHints":{"allow":["GET"]}}],"collection":[{"href":"https:\/\/knskoufomata.gr\/de\/wp-json\/wp\/v2\/product"}],"about":[{"href":"https:\/\/knskoufomata.gr\/de\/wp-json\/wp\/v2\/types\/product"}],"replies":[{"embeddable":true,"href":"https:\/\/knskoufomata.gr\/de\/wp-json\/wp\/v2\/comments?post=406"}],"wp:featuredmedia":[{"embeddable":true,"href":"https:\/\/knskoufomata.gr\/de\/wp-json\/wp\/v2\/media\/407"}],"wp:attachment":[{"href":"https:\/\/knskoufomata.gr\/de\/wp-json\/wp\/v2\/media?parent=406"}],"wp:term":[{"taxonomy":"product_cat","embeddable":true,"href":"https:\/\/knskoufomata.gr\/de\/wp-json\/wp\/v2\/product_cat?post=406"},{"taxonomy":"product_tag","embeddable":true,"href":"https:\/\/knskoufomata.gr\/de\/wp-json\/wp\/v2\/product_tag?post=406"}],"curies":[{"name":"wp","href":"https:\/\/api.w.org\/{rel}","templated":true}]}}