{"id":415,"date":"2024-10-08T13:30:17","date_gmt":"2024-10-08T13:30:17","guid":{"rendered":"https:\/\/knskoufomata.gr\/?post_type=product&#038;p=415"},"modified":"2024-10-09T09:44:01","modified_gmt":"2024-10-09T09:44:01","slug":"%cf%83%cf%85%cf%81%cf%8c%ce%bc%ce%b5%ce%bd%ce%bf-%ce%bc%ce%b7-%ce%b8%ce%b5%cf%81%ce%bc%ce%bf%ce%bc%ce%bf%ce%bd%cf%89%cf%84%ce%b9%ce%ba%cf%8c-%cf%83%cf%8d%cf%83%cf%84%ce%b7%ce%bc%ce%b1-%ce%ba%ce%bf-2","status":"publish","type":"product","link":"https:\/\/knskoufomata.gr\/de\/produkt\/%cf%83%cf%85%cf%81%cf%8c%ce%bc%ce%b5%ce%bd%ce%bf-%ce%bc%ce%b7-%ce%b8%ce%b5%cf%81%ce%bc%ce%bf%ce%bc%ce%bf%ce%bd%cf%89%cf%84%ce%b9%ce%ba%cf%8c-%cf%83%cf%8d%cf%83%cf%84%ce%b7%ce%bc%ce%b1-%ce%ba%ce%bf-2\/","title":{"rendered":"Verschiebbares, nicht isolierendes Rahmensystem \u2013 COMFORT M9050"},"content":{"rendered":"<section class=\"description productdetailheader margin-bottom-20\">\n<div class=\"container\">\n<div class=\"row\">\n<div class=\"col-md-7 col-lg-9\">\n<p class=\"\"><span class=\"\">COMFORT M9050 ist ein nicht w\u00e4rmed\u00e4mmendes System f\u00fcr verschiebbare zweifl\u00fcgelige, dreifl\u00fcgelige, b\u00fcndige oder versenkte Aluminiumrahmen, ideal f\u00fcr leichte Konstruktionen mit geschwungener Optik.<\/span><\/p>\n<\/div>\n<\/div>\n<\/div>\n<\/section>\n<section class=\"benefits container\">\n<div class=\"row\">\n<div class=\"col-md-6\">\n<h2 class=\"subtitle\">Vorteile<\/h2>\n<div class=\"alumil-list\">\n<ul class=\"\">\n<li class=\"\">Sehr gutes Preis-Leistungs-Verh\u00e4ltnis<\/li>\n<li class=\"\">Wirtschaftliche L\u00f6sungen zur Abdeckung kleiner bis mittlerer Engagements<\/li>\n<li>Viele Alternativen<\/li>\n<\/ul>\n<\/div>\n<\/div>\n<div class=\"col-md-6 certificates\">\n<h2 class=\"subtitle\">Zertifikate<\/h2>\n<ul class=\"thumbs-list\">\n<li class=\"\"><img decoding=\"async\" class=\"lazy\" src=\"https:\/\/static.alumil.com\/userfiles\/images\/default-source\/knowledgebase-images\/certifications\/ok-aluminium-recycle-60\/tuv-austria-recycle-ok-product-certificate.jpg?sfvrsn=80b5be3b_3\" alt=\"Aluminum TUV Austria OK Recycled\" \/><\/li>\n<\/ul>\n<\/div>\n<\/div>\n<\/section>\n<section class=\"technical-table section-colored hover\">\n<div class=\"container hover\">\n<h2 class=\"subtitle margin-bottom-0\">Allgemeine Merkmale<\/h2>\n<div class=\"section-separator\"><\/div>\n<div class=\"characteristics\">\n<div class=\"row\">\n<div class=\"col-md-3\">\n<div class=\"xsmall-subtitle\">ART DES SYSTEMS<\/div>\n<div class=\"value\">Gleiten<\/div>\n<\/div>\n<div class=\"col-md-3\">\n<div class=\"xsmall-subtitle\">THERMISCHE ISOLIERUNG<\/div>\n<div class=\"value\">NEIN<\/div>\n<\/div>\n<div class=\"col-md-3\">\n<div class=\"xsmall-subtitle\">\u00c4USSERES ERSCHEINUNGSBILD<\/div>\n<div class=\"value\">Kurve<\/div>\n<\/div>\n<\/div>\n<\/div>\n<h2 class=\"subtitle margin-bottom-0\">Technische Eigenschaften<\/h2>\n<div class=\"section-separator\"><\/div>\n<div class=\"characteristics\">\n<div class=\"row\">\n<div class=\"col-md-3\">\n<div class=\"xsmall-subtitle\">BLATTTIEFE<\/div>\n<div class=\"value\">32 mm<\/div>\n<\/div>\n<div class=\"col-md-3\">\n<div class=\"xsmall-subtitle\">MINDESTSCHEINLICHE BAUH\u00d6HE<\/div>\n<div class=\"value\">85,5 mm<\/div>\n<\/div>\n<div class=\"col-md-3\">\n<div class=\"xsmall-subtitle\">MINDESTSCHEINLICHE BREITE DER MITTELS\u00c4ULE (KOLLEKTION)<\/div>\n<div class=\"value\">79 mm<\/div>\n<\/div>\n<div class=\"col-md-3\">\n<div class=\"xsmall-subtitle\">Art der Verglasung<\/div>\n<div class=\"value\">Einzel \u2013 Doppel<\/div>\n<\/div>\n<div class=\"col-md-3\">\n<div class=\"xsmall-subtitle\">MAXIMALE VERGLASUNGSDICKE<\/div>\n<div class=\"value\">von 4 mm bis 20 mm<\/div>\n<\/div>\n<div class=\"col-md-3\">\n<div class=\"xsmall-subtitle\">MECHANISMUS<\/div>\n<div class=\"value\">Schiebemechanismus<\/div>\n<\/div>\n<div class=\"col-md-3\">\n<div class=\"xsmall-subtitle\">ART DER DICHTUNG<\/div>\n<div class=\"value\">Umfang mit Doppelmembranb\u00fcrsten<\/div>\n<\/div>\n<\/div>\n<\/div>\n<h2 class=\"subtitle margin-bottom-0\">Leistung<\/h2>\n<div class=\"section-separator\"><\/div>\n<div class=\"characteristics\">\n<div class=\"row\">\n<div class=\"col-md-3\">\n<div class=\"xsmall-subtitle\">WASSERDICHT<\/div>\n<div class=\"value\">KLASSE 2B<\/div>\n<\/div>\n<div class=\"col-md-3\">\n<div class=\"xsmall-subtitle\">LUFTDURCHL\u00c4SSIGKEIT<\/div>\n<div class=\"value\">KLASSE 4<\/div>\n<\/div>\n<\/div>\n<\/div>\n<h2 class=\"subtitle margin-bottom-0\">Merkmale<\/h2>\n<div class=\"section-separator\"><\/div>\n<div class=\"characteristics hover\">\n<div class=\"row hover\">\n<div class=\"col-md-3\">\n<div class=\"xsmall-subtitle\">GEB\u00c4UDETYPEN<\/div>\n<div class=\"value\">Zweischichtig, dreischichtig, gef\u00fcllt, gef\u00fcllt, Kombinationen mit Sieb und Verschluss<\/div>\n<\/div>\n<div class=\"col-md-3\">\n<div class=\"xsmall-subtitle\">BLATTGEWICHT<\/div>\n<div class=\"value\">bis zu 90 kg<\/div>\n<\/div>\n<\/div>\n<\/div>\n<\/div>\n<\/section>","protected":false},"excerpt":{"rendered":"<p>Nicht isolierender Aluminium-Schieberahmen, ideal f\u00fcr wirtschaftliche, leichte Konstruktionen mit geschwungener Optik.<\/p>","protected":false},"featured_media":416,"comment_status":"open","ping_status":"closed","template":"","meta":[],"product_cat":[19],"product_tag":[],"class_list":{"0":"post-415","1":"product","2":"type-product","3":"status-publish","4":"has-post-thumbnail","6":"product_cat-19","8":"first","9":"instock","10":"shipping-taxable","11":"product-type-simple"},"_links":{"self":[{"href":"https:\/\/knskoufomata.gr\/de\/wp-json\/wp\/v2\/product\/415","targetHints":{"allow":["GET"]}}],"collection":[{"href":"https:\/\/knskoufomata.gr\/de\/wp-json\/wp\/v2\/product"}],"about":[{"href":"https:\/\/knskoufomata.gr\/de\/wp-json\/wp\/v2\/types\/product"}],"replies":[{"embeddable":true,"href":"https:\/\/knskoufomata.gr\/de\/wp-json\/wp\/v2\/comments?post=415"}],"wp:featuredmedia":[{"embeddable":true,"href":"https:\/\/knskoufomata.gr\/de\/wp-json\/wp\/v2\/media\/416"}],"wp:attachment":[{"href":"https:\/\/knskoufomata.gr\/de\/wp-json\/wp\/v2\/media?parent=415"}],"wp:term":[{"taxonomy":"product_cat","embeddable":true,"href":"https:\/\/knskoufomata.gr\/de\/wp-json\/wp\/v2\/product_cat?post=415"},{"taxonomy":"product_tag","embeddable":true,"href":"https:\/\/knskoufomata.gr\/de\/wp-json\/wp\/v2\/product_tag?post=415"}],"curies":[{"name":"wp","href":"https:\/\/api.w.org\/{rel}","templated":true}]}}