{"id":423,"date":"2024-10-08T13:40:41","date_gmt":"2024-10-08T13:40:41","guid":{"rendered":"https:\/\/knskoufomata.gr\/?post_type=product&#038;p=423"},"modified":"2024-10-09T09:35:48","modified_gmt":"2024-10-09T09:35:48","slug":"smartia-mf65-%ce%b8%ce%b5%cf%81%ce%bc%ce%bf%ce%bc%ce%bf%ce%bd%cf%89%cf%84%ce%b9%ce%ba%ce%ae-%cf%86%cf%85%cf%83%ce%bf%cf%8d%ce%bd%ce%b1","status":"publish","type":"product","link":"https:\/\/knskoufomata.gr\/de\/produkt\/smartia-mf65-%ce%b8%ce%b5%cf%81%ce%bc%ce%bf%ce%bc%ce%bf%ce%bd%cf%89%cf%84%ce%b9%ce%ba%ce%ae-%cf%86%cf%85%cf%83%ce%bf%cf%8d%ce%bd%ce%b1\/","title":{"rendered":"SMARTIA MF65 W\u00e4rmed\u00e4mmgebl\u00e4se"},"content":{"rendered":"<section class=\"description productdetailheader margin-bottom-20\">\n<div class=\"container\">\n<div class=\"row\">\n<div class=\"col-md-7 col-lg-9\">\n<p class=\"\">SMARTIA MF65 ist ein w\u00e4rmeged\u00e4mmtes Faltt\u00fcrsystem mit minimalistischem Design und minimal sichtbarem Aluminium. Es bietet hervorragende W\u00e4rmed\u00e4mmung und Wasserdichtigkeit und eignet sich ideal f\u00fcr gro\u00dffl\u00e4chige, langlebige Konstruktionen.<\/p>\n<\/div>\n<\/div>\n<\/div>\n<\/section>\n<section class=\"benefits container\">\n<div class=\"row\">\n<div class=\"col-md-6\">\n<h2 class=\"subtitle\">Vorteile<\/h2>\n<div class=\"alumil-list\">\n<ul class=\"hover\">\n<li class=\"hover\">Es l\u00e4sst nat\u00fcrliches Licht in Ihren Raum fluten und maximiert gleichzeitig die Sichtbarkeit dank seines minimalistischen Designs und nur 88 mm sichtbarem Aluminium!<\/li>\n<li class=\"\">Dank seiner hervorragenden Wasserdichtigkeit, Luftdurchl\u00e4ssigkeit und Winddruckbest\u00e4ndigkeit isoliert es wirklich.<\/li>\n<li class=\"\">Es spart Energie und senkt Kosten durch die hohe W\u00e4rmed\u00e4mmung (bis zu U<sub>w<\/sub>=1,1 W\/m<sup>2<\/sup>K).<\/li>\n<li>Es bietet einen hohen Einbruchschutz durch 3 Verriegelungspunkte an der T\u00fcr, 4 Punkte an den Fl\u00fcgeln und einen speziellen Anti-Hochschiebemechanismus an den Rollen.<\/li>\n<li>Erm\u00f6glicht robuste Konstruktionen mit gro\u00dfen Abmessungen (bis zu 1,3 m Breite oder bis zu 3 m H\u00f6he).<\/li>\n<li>Es bietet eine gro\u00dfe Vielfalt an L\u00f6sungen mit einer ungeraden Anzahl von Fl\u00fcgeln, Doppel- und Dreifachverglasung (24\u201344 mm), normaler und niedriger Schwelle.<\/li>\n<li>Es gew\u00e4hrleistet einen reibungslosen und ungehinderten Betrieb, langlebig und ohne Durchh\u00e4ngen, dank der hochwertigen, hochbelastbaren Rollenscharniere.<\/li>\n<\/ul>\n<\/div>\n<\/div>\n<div class=\"col-md-6 certificates\">\n<h2 class=\"subtitle\">Zertifikate<\/h2>\n<ul class=\"thumbs-list\">\n<li><img decoding=\"async\" class=\"lazy\" src=\"https:\/\/static.alumil.com\/userfiles\/images\/default-source\/knowledgebase-images\/certifications\/ok-aluminium-recycle-60\/tuv-austria-recycle-ok-product-certificate.jpg?sfvrsn=80b5be3b_3\" alt=\"Aluminum TUV Austria OK Recycled\" \/><\/li>\n<li><img decoding=\"async\" class=\"lazy\" src=\"https:\/\/static.alumil.com\/userfiles\/images\/default-source\/certifications-logos\/eco-platform---epd-verified.png?sfvrsn=cfccad48_3\" alt=\"ECO Platform - EPD VERIFIED\" \/><\/li>\n<li class=\"\"><img decoding=\"async\" class=\"lazy\" src=\"https:\/\/static.alumil.com\/userfiles\/images\/default-source\/certifications-logos\/cradle-2-cradle-certification.png?sfvrsn=ff6ea74b_9\" alt=\"\u0397 \u03c0\u03b9\u03c3\u03c4\u03bf\u03c0\u03bf\u03af\u03b7\u03c3\u03b7 C2C Certified\u00ae \u03b5\u03af\u03bd\u03b1\u03b9 \u03c4\u03bf \u03c0\u03b1\u03b3\u03ba\u03cc\u03c3\u03bc\u03b9\u03bf \u03c0\u03c1\u03cc\u03c4\u03c5\u03c0\u03bf \u03b3\u03b9\u03b1 \u03b1\u03c3\u03c6\u03b1\u03bb\u03ae \u03ba\u03b1\u03b9 \u03b2\u03b9\u03ce\u03c3\u03b9\u03bc\u03b1 \u03ba\u03c5\u03ba\u03bb\u03b9\u03ba\u03ac \u03c0\u03c1\u03bf\u03ca\u03cc\u03bd\u03c4\u03b1 \u03c0\u03bf\u03c5 \u03b4\u03b7\u03bc\u03b9\u03bf\u03c5\u03c1\u03b3\u03bf\u03cd\u03bd\u03c4\u03b1\u03b9 \u03bc\u03b5 \u03c5\u03c0\u03b5\u03c5\u03b8\u03c5\u03bd\u03cc\u03c4\u03b7\u03c4\u03b1 \u03c0\u03c1\u03bf\u03c2 \u03c4\u03bf \u03c0\u03b5\u03c1\u03b9\u03b2\u03ac\u03bb\u03bb\u03bf\u03bd\" \/><\/li>\n<\/ul>\n<\/div>\n<\/div>\n<\/section>\n<section class=\"technical-table section-colored hover\">\n<div class=\"container hover\">\n<h2 class=\"subtitle margin-bottom-0\">Allgemeine Merkmale<\/h2>\n<div class=\"section-separator\"><\/div>\n<div class=\"characteristics\">\n<div class=\"row\">\n<div class=\"col-md-3\">\n<div class=\"xsmall-subtitle\">THERMISCHE ISOLIERUNG<\/div>\n<div class=\"value\">Ja<\/div>\n<\/div>\n<div class=\"col-md-3\">\n<div class=\"xsmall-subtitle\">\u00c4STHETIK<\/div>\n<div class=\"value\">minimalistisches Design, kaum sichtbares Aluminium<\/div>\n<\/div>\n<div class=\"col-md-3\">\n<div class=\"xsmall-subtitle\">SCROLL-TYP<\/div>\n<div class=\"value\">nach unten scrollen<\/div>\n<\/div>\n<div class=\"col-md-3\">\n<div class=\"xsmall-subtitle\">ANWENDUNGEN<\/div>\n<div class=\"value\">Wohnbereich mit einer Fl\u00fcgelbreite von 1,3 m, gewerbliche Anwendungen mit einer Fl\u00fcgelh\u00f6he von bis zu 3,0 m<\/div>\n<\/div>\n<\/div>\n<\/div>\n<h2 class=\"subtitle margin-bottom-0\">Technische Eigenschaften<\/h2>\n<div class=\"section-separator\"><\/div>\n<div class=\"characteristics\">\n<div class=\"row\">\n<div class=\"col-md-3\">\n<div class=\"xsmall-subtitle\">BLATTBREITE<\/div>\n<div class=\"value\">65 mm<\/div>\n<\/div>\n<div class=\"col-md-3\">\n<div class=\"xsmall-subtitle\">VERGLASUNG<\/div>\n<div class=\"value\">24-44 mm<\/div>\n<\/div>\n<div class=\"col-md-3\">\n<div class=\"xsmall-subtitle\">POLYAMID<\/div>\n<div class=\"value\">bis zu 32 mm<\/div>\n<\/div>\n<div class=\"col-md-3\">\n<div class=\"xsmall-subtitle\">ISOLIERMATERIALIEN<\/div>\n<div class=\"value\">ALUMIL NRG-Stangen und PE-Schaum-Isolierung<\/div>\n<\/div>\n<div class=\"col-md-3\">\n<div class=\"xsmall-subtitle\">ZENTRALGUMMI<\/div>\n<div class=\"value\">EPDM<\/div>\n<\/div>\n<div class=\"col-md-3\">\n<div class=\"xsmall-subtitle\">SPERREN<\/div>\n<div class=\"value\">5 Punkte (T\u00fcr) und 4 Punkte (Zwischenbl\u00e4tter)<\/div>\n<\/div>\n<div class=\"col-md-3\">\n<div class=\"xsmall-subtitle\">SICHTBARES ALUMINIUM<\/div>\n<div class=\"value\">88 mm Blatt\/Blatt<\/div>\n<\/div>\n<div class=\"col-md-3\">\n<div class=\"xsmall-subtitle\">MAXIMALES GEWICHT<\/div>\n<div class=\"value\">140 kg\/Blatt<\/div>\n<\/div>\n<div class=\"col-md-3\">\n<div class=\"xsmall-subtitle\">MAXIMALE H\u00d6HE<\/div>\n<div class=\"value\">3,0 m<\/div>\n<\/div>\n<div class=\"col-md-3\">\n<div class=\"xsmall-subtitle\">MAXIMALE PANELBREITE<\/div>\n<div class=\"value\">1,3 m<\/div>\n<\/div>\n<\/div>\n<\/div>\n<h2 class=\"subtitle margin-bottom-0\">Leistung<\/h2>\n<div class=\"section-separator\"><\/div>\n<div class=\"characteristics hover\">\n<div class=\"row hover\">\n<div class=\"col-md-3\">\n<div class=\"xsmall-subtitle\">W\u00c4RMEISOLIERUNG U<sub>F<\/sub><\/div>\n<div class=\"value\">ab 2,2 W\/m\u00b2K<\/div>\n<\/div>\n<div class=\"col-md-3\">\n<div class=\"xsmall-subtitle\">WASSERDICHT<\/div>\n<div class=\"value\">8A<\/div>\n<\/div>\n<div class=\"col-md-3\">\n<div class=\"xsmall-subtitle\">LUFTDURCHL\u00c4SSIGKEIT<\/div>\n<div class=\"value\">KLASSE 3<\/div>\n<\/div>\n<div class=\"col-md-3 hover\">\n<div class=\"xsmall-subtitle\">WIDERSTAND GEGEN WINDDRUCK<\/div>\n<div class=\"value hover\">KLASSE C2\/B2<\/div>\n<\/div>\n<\/div>\n<\/div>\n<\/div>\n<\/section>","protected":false},"excerpt":{"rendered":"<p>SMARTIA MF65 ist ein w\u00e4rmeged\u00e4mmtes Faltt\u00fcrsystem (Faltenbalg) mit besonders reduziertem Design und minimal sichtbarem Aluminium.<\/p>","protected":false},"featured_media":425,"comment_status":"open","ping_status":"closed","template":"","meta":[],"product_cat":[20],"product_tag":[],"class_list":{"0":"post-423","1":"product","2":"type-product","3":"status-publish","4":"has-post-thumbnail","6":"product_cat-20","8":"first","9":"instock","10":"shipping-taxable","11":"product-type-simple"},"_links":{"self":[{"href":"https:\/\/knskoufomata.gr\/de\/wp-json\/wp\/v2\/product\/423","targetHints":{"allow":["GET"]}}],"collection":[{"href":"https:\/\/knskoufomata.gr\/de\/wp-json\/wp\/v2\/product"}],"about":[{"href":"https:\/\/knskoufomata.gr\/de\/wp-json\/wp\/v2\/types\/product"}],"replies":[{"embeddable":true,"href":"https:\/\/knskoufomata.gr\/de\/wp-json\/wp\/v2\/comments?post=423"}],"wp:featuredmedia":[{"embeddable":true,"href":"https:\/\/knskoufomata.gr\/de\/wp-json\/wp\/v2\/media\/425"}],"wp:attachment":[{"href":"https:\/\/knskoufomata.gr\/de\/wp-json\/wp\/v2\/media?parent=423"}],"wp:term":[{"taxonomy":"product_cat","embeddable":true,"href":"https:\/\/knskoufomata.gr\/de\/wp-json\/wp\/v2\/product_cat?post=423"},{"taxonomy":"product_tag","embeddable":true,"href":"https:\/\/knskoufomata.gr\/de\/wp-json\/wp\/v2\/product_tag?post=423"}],"curies":[{"name":"wp","href":"https:\/\/api.w.org\/{rel}","templated":true}]}}