{"id":426,"date":"2024-10-08T13:41:59","date_gmt":"2024-10-08T13:41:59","guid":{"rendered":"https:\/\/knskoufomata.gr\/?post_type=product&#038;p=426"},"modified":"2024-10-09T09:34:19","modified_gmt":"2024-10-09T09:34:19","slug":"%ce%b8%ce%b5%cf%81%ce%bc%ce%bf%ce%bc%ce%bf%ce%bd%cf%89%cf%84%ce%b9%ce%ba%ce%ae-%cf%86%cf%85%cf%83%ce%bf%cf%8d%ce%bd%ce%b1-%cf%80%cf%84%cf%85%cf%83%cf%83%cf%8c%ce%bc%ce%b5%ce%bd%ce%b7-%cf%80%cf%8c","status":"publish","type":"product","link":"https:\/\/knskoufomata.gr\/de\/produkt\/%ce%b8%ce%b5%cf%81%ce%bc%ce%bf%ce%bc%ce%bf%ce%bd%cf%89%cf%84%ce%b9%ce%ba%ce%ae-%cf%86%cf%85%cf%83%ce%bf%cf%8d%ce%bd%ce%b1-%cf%80%cf%84%cf%85%cf%83%cf%83%cf%8c%ce%bc%ce%b5%ce%bd%ce%b7-%cf%80%cf%8c\/","title":{"rendered":"W\u00e4rmed\u00e4mmgebl\u00e4se \u2013 Faltt\u00fcr \u2013 SMARTIA M19800"},"content":{"rendered":"<section class=\"description productdetailheader margin-bottom-20\">\n<div class=\"container\">\n<div class=\"row\">\n<div class=\"col-md-7 col-lg-9\">Der SMARTIA M19800 ist ein W\u00e4rmed\u00e4mmsystem mit schwebendem Balg, das sowohl f\u00fcr normale als auch gro\u00dfe Konstruktionen geeignet ist. Es bietet robuste und elegante L\u00f6sungen f\u00fcr mittlere und gehobene Projekte, beispielsweise in modernen Wohnh\u00e4usern, B\u00fcrogeb\u00e4uden, Kongresszentren, Hotels, Restaurants und mehr.<\/div>\n<\/div>\n<\/div>\n<\/section>\n<section class=\"benefits container\">\n<div class=\"row\">\n<div class=\"col-md-6\">\n<h2 class=\"subtitle\">Vorteile<\/h2>\n<div class=\"alumil-list\">\n<ul>\n<li>M\u00f6glichkeit von Strukturen zur Abdeckung gro\u00dfer \u00d6ffnungen<\/li>\n<li>Robuste Konstruktion mit einwandfreiem, langlebigem Betrieb<\/li>\n<li>Hohe W\u00e4rmed\u00e4mmung und Energieeinsparung<\/li>\n<li>Hohe Leistung in Bezug auf Winddruckfestigkeit, Winddurchl\u00e4ssigkeit und Wasserdichtigkeit<\/li>\n<li>Einfache Konstruktion und Installation<\/li>\n<\/ul>\n<\/div>\n<\/div>\n<div class=\"col-md-6 certificates\">\n<h2 class=\"subtitle\">Zertifikate<\/h2>\n<ul class=\"thumbs-list\">\n<li class=\"\"><img decoding=\"async\" class=\"lazy\" src=\"https:\/\/static.alumil.com\/userfiles\/images\/default-source\/knowledgebase-images\/certifications\/ok-aluminium-recycle-60\/tuv-austria-recycle-ok-product-certificate.jpg?sfvrsn=80b5be3b_3\" alt=\"Aluminum TUV Austria OK Recycled\" \/><\/li>\n<\/ul>\n<\/div>\n<\/div>\n<\/section>\n<section class=\"technical-table section-colored hover\">\n<div class=\"container hover\">\n<h2 class=\"subtitle margin-bottom-0\">Allgemeine Merkmale<\/h2>\n<div class=\"section-separator\"><\/div>\n<div class=\"characteristics\">\n<div class=\"row\">\n<div class=\"col-md-3\">\n<div class=\"xsmall-subtitle\">THERMISCHE ISOLIERUNG<\/div>\n<div class=\"value\">Ja<\/div>\n<\/div>\n<div class=\"col-md-3\">\n<div class=\"xsmall-subtitle\">\u00c4STHETIK<\/div>\n<div class=\"value\">relativ wenig sichtbares Aluminium<\/div>\n<\/div>\n<div class=\"col-md-3\">\n<div class=\"xsmall-subtitle\">SCROLL-TYP<\/div>\n<div class=\"value\">H\u00e4ngebewegung oben<\/div>\n<\/div>\n<div class=\"col-md-3\">\n<div class=\"xsmall-subtitle\">PANEL-TYP<\/div>\n<div class=\"value\">Aluminiumrahmen mit Lamelle<\/div>\n<\/div>\n<div class=\"col-md-3\">\n<div class=\"xsmall-subtitle\">ANWENDUNGEN<\/div>\n<div class=\"value\">Wohnh\u00e4user, Einkaufszentren, Konferenzr\u00e4ume, Restaurants, Hotels<\/div>\n<\/div>\n<\/div>\n<\/div>\n<h2 class=\"subtitle margin-bottom-0\">Technische Eigenschaften<\/h2>\n<div class=\"section-separator\"><\/div>\n<div class=\"characteristics\">\n<div class=\"row\">\n<div class=\"col-md-3\">\n<div class=\"xsmall-subtitle\">BLATTBREITE<\/div>\n<div class=\"value\">50 mm<\/div>\n<\/div>\n<div class=\"col-md-3\">\n<div class=\"xsmall-subtitle\">VERGLASUNG<\/div>\n<div class=\"value\">24-32 mm<\/div>\n<\/div>\n<div class=\"col-md-3\">\n<div class=\"xsmall-subtitle\">POLYAMID<\/div>\n<div class=\"value\">doppelt 18mm<\/div>\n<\/div>\n<div class=\"col-md-3\">\n<div class=\"xsmall-subtitle\">ZENTRALGUMMI<\/div>\n<div class=\"value\">EPDM-Paar<\/div>\n<\/div>\n<div class=\"col-md-3\">\n<div class=\"xsmall-subtitle\">SPERREN<\/div>\n<div class=\"value\">2-Punkt-Verriegelung der Zwischenbleche<\/div>\n<\/div>\n<div class=\"col-md-3\">\n<div class=\"xsmall-subtitle\">SICHTBARES ALUMINIUM<\/div>\n<div class=\"value\">143 mm (Blatt-zu-Blatt)<\/div>\n<\/div>\n<div class=\"col-md-3\">\n<div class=\"xsmall-subtitle\">MAXIMALES GEWICHT<\/div>\n<div class=\"value\">80 kg\/Blatt<\/div>\n<\/div>\n<div class=\"col-md-3\">\n<div class=\"xsmall-subtitle\">MAXIMALE H\u00d6HE<\/div>\n<div class=\"value\">2,5 m<\/div>\n<\/div>\n<div class=\"col-md-3\">\n<div class=\"xsmall-subtitle\">MAXIMALE PANELBREITE<\/div>\n<div class=\"value\">1,0m<\/div>\n<\/div>\n<\/div>\n<\/div>\n<h2 class=\"subtitle margin-bottom-0\">Leistung<\/h2>\n<div class=\"section-separator\"><\/div>\n<div class=\"characteristics hover\">\n<div class=\"row hover\">\n<div class=\"col-md-3\">\n<div class=\"xsmall-subtitle\">W\u00c4RMEISOLIERUNG U<sub>F<\/sub><\/div>\n<div class=\"value\">1,9 W\/m\u00b2K<\/div>\n<\/div>\n<div class=\"col-md-3\">\n<div class=\"xsmall-subtitle\">WASSERDICHT<\/div>\n<div class=\"value\">4A, IFT<\/div>\n<\/div>\n<div class=\"col-md-3\">\n<div class=\"xsmall-subtitle\">LUFTDURCHL\u00c4SSIGKEIT<\/div>\n<div class=\"value\">cl. 3, IFT<\/div>\n<\/div>\n<div class=\"col-md-3 hover\">\n<div class=\"xsmall-subtitle\">WIDERSTAND GEGEN WINDDRUCK<\/div>\n<div class=\"value hover\">C1\/B1, IFT<\/div>\n<\/div>\n<\/div>\n<\/div>\n<\/div>\n<\/section>","protected":false},"excerpt":{"rendered":"<p>W\u00e4rmed\u00e4mmsystem aus Faltblechen (Faltenbalg) mit schwebender Bewegung, geeignet f\u00fcr konventionelle und schwerere Konstruktionen in Hotels, modernen H\u00e4usern usw.<\/p>","protected":false},"featured_media":427,"comment_status":"open","ping_status":"closed","template":"","meta":[],"product_cat":[20],"product_tag":[],"class_list":{"0":"post-426","1":"product","2":"type-product","3":"status-publish","4":"has-post-thumbnail","6":"product_cat-20","8":"first","9":"instock","10":"shipping-taxable","11":"product-type-simple"},"_links":{"self":[{"href":"https:\/\/knskoufomata.gr\/de\/wp-json\/wp\/v2\/product\/426","targetHints":{"allow":["GET"]}}],"collection":[{"href":"https:\/\/knskoufomata.gr\/de\/wp-json\/wp\/v2\/product"}],"about":[{"href":"https:\/\/knskoufomata.gr\/de\/wp-json\/wp\/v2\/types\/product"}],"replies":[{"embeddable":true,"href":"https:\/\/knskoufomata.gr\/de\/wp-json\/wp\/v2\/comments?post=426"}],"wp:featuredmedia":[{"embeddable":true,"href":"https:\/\/knskoufomata.gr\/de\/wp-json\/wp\/v2\/media\/427"}],"wp:attachment":[{"href":"https:\/\/knskoufomata.gr\/de\/wp-json\/wp\/v2\/media?parent=426"}],"wp:term":[{"taxonomy":"product_cat","embeddable":true,"href":"https:\/\/knskoufomata.gr\/de\/wp-json\/wp\/v2\/product_cat?post=426"},{"taxonomy":"product_tag","embeddable":true,"href":"https:\/\/knskoufomata.gr\/de\/wp-json\/wp\/v2\/product_tag?post=426"}],"curies":[{"name":"wp","href":"https:\/\/api.w.org\/{rel}","templated":true}]}}