{"id":428,"date":"2024-10-08T13:43:08","date_gmt":"2024-10-08T13:43:08","guid":{"rendered":"https:\/\/knskoufomata.gr\/?post_type=product&#038;p=428"},"modified":"2024-10-09T09:29:47","modified_gmt":"2024-10-09T09:29:47","slug":"%cf%86%cf%85%cf%83%ce%bf%cf%8d%ce%bd%ce%b1-%ce%b1%ce%bb%ce%bf%cf%85%ce%bc%ce%b9%ce%bd%ce%af%ce%bf%cf%85-%cf%80%cf%84%cf%85%cf%83%cf%83%cf%8c%ce%bc%ce%b5%ce%bd%ce%b1-%ce%ba%ce%bf%cf%85%cf%86%cf%8e","status":"publish","type":"product","link":"https:\/\/knskoufomata.gr\/de\/produkt\/%cf%86%cf%85%cf%83%ce%bf%cf%8d%ce%bd%ce%b1-%ce%b1%ce%bb%ce%bf%cf%85%ce%bc%ce%b9%ce%bd%ce%af%ce%bf%cf%85-%cf%80%cf%84%cf%85%cf%83%cf%83%cf%8c%ce%bc%ce%b5%ce%bd%ce%b1-%ce%ba%ce%bf%cf%85%cf%86%cf%8e\/","title":{"rendered":"Aluminiumbalg \u2013 Faltrahmen \u2013 SMARTIA MF6500"},"content":{"rendered":"<section class=\"description productdetailheader margin-bottom-20\">\n<div class=\"container\">\n<div class=\"row\">\n<div class=\"col-md-7 col-lg-9\">\n<p class=\"\">SMARTIA MF6500 ist ein nicht w\u00e4rmeisoliertes Faltt\u00fcrsystem (Faltenbalg) mit minimalistischem Design und minimalem sichtbarem Aluminium (88 mm), das Eleganz und ein modernes Aussehen bietet. Seine hervorragende Leistung in Bezug auf Luftdurchl\u00e4ssigkeit und Wasserdichtigkeit machen es zur idealen Wahl f\u00fcr robuste Konstruktionen mit gro\u00dfen Abmessungen, bei denen die W\u00e4rmed\u00e4mmung nicht im Vordergrund steht.<\/p>\n<\/div>\n<\/div>\n<\/div>\n<\/section>\n<section class=\"benefits container\">\n<div class=\"row\">\n<div class=\"col-md-6\">\n<h2 class=\"subtitle\">Vorteile<\/h2>\n<div class=\"alumil-list\">\n<ul>\n<li>Dank seines minimalistischen Designs und des minimal sichtbaren Aluminiums (88 mm) maximiert es das nat\u00fcrliche Licht im Raum und sorgt f\u00fcr eine ungehinderte Sicht.<\/li>\n<li>Erzielt Spitzenleistungen bei Luftdurchl\u00e4ssigkeit, Wasserdichtigkeit und Widerstandsf\u00e4higkeit gegen Winddruck.<\/li>\n<\/ul>\n<ul>\n<li>Es bietet einen hohen Einbruchschutz mit 5 Verriegelungspunkten an der T\u00fcr, 4 Punkten an den Fl\u00fcgeln und einer speziellen Hochschiebesicherung an den Rollen.<\/li>\n<li>\u00a0Es erm\u00f6glicht robuste Konstruktionen mit gro\u00dfen Abmessungen (bis zu 1,3 m Breite oder bis zu 3 m H\u00f6he).<\/li>\n<li>Es bietet eine gro\u00dfe Vielfalt an L\u00f6sungen mit ungerader und gerader Fl\u00fcgelzahl, Doppel- oder Dreifachverglasung (24-44 mm) und normalem oder niedrigem Geh\u00e4use.<\/li>\n<li>Gew\u00e4hrleistet dank hochwertiger, robuster Rollenscharniere einen reibungslosen und ungehinderten (Herunterrollen) und langanhaltenden Betrieb ohne H\u00e4ngenbleiben.<\/li>\n<li>\u00a0Ideal f\u00fcr ein breites Anwendungsspektrum, vom privaten bis zum gewerblichen Bereich.<\/li>\n<\/ul>\n<\/div>\n<\/div>\n<div class=\"col-md-6 certificates\">\n<h2 class=\"subtitle\">Zertifikate<\/h2>\n<ul class=\"thumbs-list\">\n<li class=\"\"><img decoding=\"async\" class=\"lazy\" src=\"https:\/\/static.alumil.com\/userfiles\/images\/default-source\/knowledgebase-images\/certifications\/ok-aluminium-recycle-60\/tuv-austria-recycle-ok-product-certificate.jpg?sfvrsn=80b5be3b_3\" alt=\"Aluminum TUV Austria OK Recycled\" \/><\/li>\n<\/ul>\n<\/div>\n<\/div>\n<\/section>\n<section class=\"technical-table section-colored hover\">\n<div class=\"container hover\">\n<h2 class=\"subtitle margin-bottom-0\">Allgemeine Merkmale<\/h2>\n<div class=\"section-separator\"><\/div>\n<div class=\"characteristics\">\n<div class=\"row\">\n<div class=\"col-md-3\">\n<div class=\"xsmall-subtitle\">THERMISCHE ISOLIERUNG<\/div>\n<div class=\"value\">NEIN<\/div>\n<\/div>\n<div class=\"col-md-3\">\n<div class=\"xsmall-subtitle\">SCROLL-TYP<\/div>\n<div class=\"value\">nach unten scrollen<\/div>\n<\/div>\n<div class=\"col-md-3\">\n<div class=\"xsmall-subtitle\">ANWENDUNGEN<\/div>\n<div class=\"value\">Wohnbereich mit einer Fl\u00fcgelbreite von 1,3 m, gewerbliche Anwendungen mit einer Fl\u00fcgelh\u00f6he von bis zu 3,0 m<\/div>\n<\/div>\n<\/div>\n<\/div>\n<h2 class=\"subtitle margin-bottom-0\">Technische Eigenschaften<\/h2>\n<div class=\"section-separator\"><\/div>\n<div class=\"characteristics hover\">\n<div class=\"row hover\">\n<div class=\"col-md-3\">\n<div class=\"xsmall-subtitle\">BLATTBREITE<\/div>\n<div class=\"value\">65 mm<\/div>\n<\/div>\n<div class=\"col-md-3\">\n<div class=\"xsmall-subtitle\">VERGLASUNG<\/div>\n<div class=\"value\">24-44 mm<\/div>\n<\/div>\n<div class=\"col-md-3\">\n<div class=\"xsmall-subtitle\">ZENTRALGUMMI<\/div>\n<div class=\"value\">EPDM<\/div>\n<\/div>\n<div class=\"col-md-3\">\n<div class=\"xsmall-subtitle\">SPERREN<\/div>\n<div class=\"value\">5 Punkte (T\u00fcr) und 4 Punkte (Zwischenbl\u00e4tter)<\/div>\n<\/div>\n<div class=\"col-md-3\">\n<div class=\"xsmall-subtitle\">SICHTBARES ALUMINIUM<\/div>\n<div class=\"value\">88 mm Blatt\/Blatt<\/div>\n<\/div>\n<div class=\"col-md-3\">\n<div class=\"xsmall-subtitle\">MAXIMALES GEWICHT<\/div>\n<div class=\"value\">140 kg\/Blatt<\/div>\n<\/div>\n<div class=\"col-md-3\">\n<div class=\"xsmall-subtitle\">MAXIMALE H\u00d6HE<\/div>\n<div class=\"value\">3,0 m<\/div>\n<\/div>\n<div class=\"col-md-3 hover\">\n<div class=\"xsmall-subtitle\">MAXIMALE PANELBREITE<\/div>\n<div class=\"value hover\">1,3 m<\/div>\n<\/div>\n<\/div>\n<\/div>\n<\/div>\n<\/section>","protected":false},"excerpt":{"rendered":"<p>Nicht w\u00e4rmeisoliertes Faltt\u00fcrsystem (Faltenbalg) mit minimaler \u00c4sthetik, minimalem sichtbarem Aluminium (88 mm) und hervorragender Leistung. Ideal f\u00fcr robuste Konstruktionen mit gro\u00dfen Abmessungen.<\/p>","protected":false},"featured_media":429,"comment_status":"open","ping_status":"closed","template":"","meta":[],"product_cat":[20],"product_tag":[],"class_list":{"0":"post-428","1":"product","2":"type-product","3":"status-publish","4":"has-post-thumbnail","6":"product_cat-20","8":"first","9":"instock","10":"shipping-taxable","11":"product-type-simple"},"_links":{"self":[{"href":"https:\/\/knskoufomata.gr\/de\/wp-json\/wp\/v2\/product\/428","targetHints":{"allow":["GET"]}}],"collection":[{"href":"https:\/\/knskoufomata.gr\/de\/wp-json\/wp\/v2\/product"}],"about":[{"href":"https:\/\/knskoufomata.gr\/de\/wp-json\/wp\/v2\/types\/product"}],"replies":[{"embeddable":true,"href":"https:\/\/knskoufomata.gr\/de\/wp-json\/wp\/v2\/comments?post=428"}],"wp:featuredmedia":[{"embeddable":true,"href":"https:\/\/knskoufomata.gr\/de\/wp-json\/wp\/v2\/media\/429"}],"wp:attachment":[{"href":"https:\/\/knskoufomata.gr\/de\/wp-json\/wp\/v2\/media?parent=428"}],"wp:term":[{"taxonomy":"product_cat","embeddable":true,"href":"https:\/\/knskoufomata.gr\/de\/wp-json\/wp\/v2\/product_cat?post=428"},{"taxonomy":"product_tag","embeddable":true,"href":"https:\/\/knskoufomata.gr\/de\/wp-json\/wp\/v2\/product_tag?post=428"}],"curies":[{"name":"wp","href":"https:\/\/api.w.org\/{rel}","templated":true}]}}